{"id":1989,"date":"2019-03-21T13:32:59","date_gmt":"2019-03-21T13:32:59","guid":{"rendered":"http:\/\/udis.ch\/kontakt\/"},"modified":"2023-01-13T17:42:38","modified_gmt":"2023-01-13T17:42:38","slug":"kontakt","status":"publish","type":"page","link":"https:\/\/udis.ch\/ru\/kontakt\/","title":{"rendered":"\u041a\u043e\u043d\u0442\u0430\u043a\u0442"},"content":{"rendered":"\t\t<div data-elementor-type=\"wp-post\" data-elementor-id=\"1989\" class=\"elementor elementor-1989 elementor-691\">\n\t\t\t\t\t\t<section class=\"elementor-section elementor-top-section elementor-element elementor-element-a289485 elementor-section-boxed elementor-section-height-default elementor-section-height-default\" data-id=\"a289485\" data-element_type=\"section\">\n\t\t\t\t\t\t<div class=\"elementor-container elementor-column-gap-wide\">\n\t\t\t\t\t<div class=\"elementor-column elementor-col-33 elementor-top-column elementor-element elementor-element-b4f6b1c\" data-id=\"b4f6b1c\" data-element_type=\"column\">\n\t\t\t<div class=\"elementor-widget-wrap elementor-element-populated\">\n\t\t\t\t\t\t<div class=\"elementor-element elementor-element-aa57bf7 elementor-widget-divider--view-line elementor-widget elementor-widget-divider\" data-id=\"aa57bf7\" data-element_type=\"widget\" data-widget_type=\"divider.default\">\n\t\t\t\t<div class=\"elementor-widget-container\">\n\t\t\t\t\t\t\t<div class=\"elementor-divider\">\n\t\t\t<span class=\"elementor-divider-separator\">\n\t\t\t\t\t\t<\/span>\n\t\t<\/div>\n\t\t\t\t\t\t<\/div>\n\t\t\t\t<\/div>\n\t\t\t\t<div class=\"elementor-element elementor-element-bb400d4 elementor-widget elementor-widget-heading\" data-id=\"bb400d4\" data-element_type=\"widget\" data-widget_type=\"heading.default\">\n\t\t\t\t<div class=\"elementor-widget-container\">\n\t\t\t\t\t<h2 class=\"elementor-heading-title elementor-size-default\">\u041a\u043e\u043d\u0442\u0430\u043a\u0442<\/h2>\t\t\t\t<\/div>\n\t\t\t\t<\/div>\n\t\t\t\t<div class=\"elementor-element elementor-element-b0a3b4b elementor-widget elementor-widget-text-editor\" data-id=\"b0a3b4b\" data-element_type=\"widget\" data-widget_type=\"text-editor.default\">\n\t\t\t\t<div class=\"elementor-widget-container\">\n\t\t\t\t\t\t\t\t\t<p>UDIS.ch<br \/>\u041c\u0430\u0439\u0435\u043d\u0440\u0438\u0434\u0432\u0435\u0433 1A<br \/>8408 \u0412\u0438\u043d\u0442\u0435\u0440\u0442\u0443\u0440<br \/>\u0428\u0432\u0435\u0439\u0446\u0430\u0440\u0438\u044f<\/p>\n\t\t\t\t\t\t\t\t<\/div>\n\t\t\t\t<\/div>\n\t\t\t\t<div class=\"elementor-element elementor-element-df6bf95 elementor-widget elementor-widget-text-editor\" data-id=\"df6bf95\" data-element_type=\"widget\" data-widget_type=\"text-editor.default\">\n\t\t\t\t<div class=\"elementor-widget-container\">\n\t\t\t\t\t\t\t\t\t<p>\u0422\u0435\u043b: <a href=\"tel:0041522138641\">+41 52 213 86 41<\/a><br \/>\u0424\u0430\u043a\u0441: <a href=\"tel:0041522137359\">+41 52 213 73 59<\/a><\/p>\n\t\t\t\t\t\t\t\t<\/div>\n\t\t\t\t<\/div>\n\t\t\t\t<div class=\"elementor-element elementor-element-7e73061 elementor-widget elementor-widget-heading\" data-id=\"7e73061\" data-element_type=\"widget\" data-widget_type=\"heading.default\">\n\t\t\t\t<div class=\"elementor-widget-container\">\n\t\t\t\t\t<h2 class=\"elementor-heading-title elementor-size-default\"><span style=\"font-size: 15px;font-style: normal;font-weight: 500;white-space: normal\">UDISArte<\/span><\/h2>\t\t\t\t<\/div>\n\t\t\t\t<\/div>\n\t\t\t\t<div class=\"elementor-element elementor-element-6334add e-grid-align-left e-grid-align-mobile-center elementor-shape-rounded elementor-grid-0 elementor-widget elementor-widget-social-icons\" data-id=\"6334add\" data-element_type=\"widget\" data-widget_type=\"social-icons.default\">\n\t\t\t\t<div class=\"elementor-widget-container\">\n\t\t\t\t\t\t\t<div class=\"elementor-social-icons-wrapper elementor-grid\" role=\"list\">\n\t\t\t\t\t\t\t<span class=\"elementor-grid-item\" role=\"listitem\">\n\t\t\t\t\t<a class=\"elementor-icon elementor-social-icon elementor-social-icon-facebook-f elementor-repeater-item-5091331\" href=\"https:\/\/www.facebook.com\/UDISArte\" target=\"_blank\">\n\t\t\t\t\t\t<span class=\"elementor-screen-only\">Facebook-f<\/span>\n\t\t\t\t\t\t<i aria-hidden=\"true\" class=\"fab fa-facebook-f\"><\/i>\t\t\t\t\t<\/a>\n\t\t\t\t<\/span>\n\t\t\t\t\t\t\t<span class=\"elementor-grid-item\" role=\"listitem\">\n\t\t\t\t\t<a class=\"elementor-icon elementor-social-icon elementor-social-icon-instagram elementor-repeater-item-e0397c3\" href=\"https:\/\/www.instagram.com\/udisarte\" target=\"_blank\">\n\t\t\t\t\t\t<span class=\"elementor-screen-only\">Instagram<\/span>\n\t\t\t\t\t\t<i aria-hidden=\"true\" class=\"fab fa-instagram\"><\/i>\t\t\t\t\t<\/a>\n\t\t\t\t<\/span>\n\t\t\t\t\t<\/div>\n\t\t\t\t\t\t<\/div>\n\t\t\t\t<\/div>\n\t\t\t\t<div class=\"elementor-element elementor-element-c994fc5 elementor-widget elementor-widget-heading\" data-id=\"c994fc5\" data-element_type=\"widget\" data-widget_type=\"heading.default\">\n\t\t\t\t<div class=\"elementor-widget-container\">\n\t\t\t\t\t<h2 class=\"elementor-heading-title elementor-size-default\"><span style=\"font-size: 15px;font-style: normal;font-weight: 500;white-space: normal\">UDISGeo<\/span><\/h2>\t\t\t\t<\/div>\n\t\t\t\t<\/div>\n\t\t\t\t<div class=\"elementor-element elementor-element-35feb4d e-grid-align-left e-grid-align-mobile-center elementor-shape-rounded elementor-grid-0 elementor-widget elementor-widget-social-icons\" data-id=\"35feb4d\" data-element_type=\"widget\" data-widget_type=\"social-icons.default\">\n\t\t\t\t<div class=\"elementor-widget-container\">\n\t\t\t\t\t\t\t<div class=\"elementor-social-icons-wrapper elementor-grid\" role=\"list\">\n\t\t\t\t\t\t\t<span class=\"elementor-grid-item\" role=\"listitem\">\n\t\t\t\t\t<a class=\"elementor-icon elementor-social-icon elementor-social-icon-facebook-f elementor-repeater-item-5091331\" href=\"https:\/\/www.facebook.com\/udis.ch\/\" target=\"_blank\">\n\t\t\t\t\t\t<span class=\"elementor-screen-only\">Facebook-f<\/span>\n\t\t\t\t\t\t<i aria-hidden=\"true\" class=\"fab fa-facebook-f\"><\/i>\t\t\t\t\t<\/a>\n\t\t\t\t<\/span>\n\t\t\t\t\t\t\t<span class=\"elementor-grid-item\" role=\"listitem\">\n\t\t\t\t\t<a class=\"elementor-icon elementor-social-icon elementor-social-icon-instagram elementor-repeater-item-e0397c3\" href=\"https:\/\/www.instagram.com\/udisgeo\/\" target=\"_blank\">\n\t\t\t\t\t\t<span class=\"elementor-screen-only\">Instagram<\/span>\n\t\t\t\t\t\t<i aria-hidden=\"true\" class=\"fab fa-instagram\"><\/i>\t\t\t\t\t<\/a>\n\t\t\t\t<\/span>\n\t\t\t\t\t<\/div>\n\t\t\t\t\t\t<\/div>\n\t\t\t\t<\/div>\n\t\t\t\t\t<\/div>\n\t\t<\/div>\n\t\t\t\t<div class=\"elementor-column elementor-col-66 elementor-top-column elementor-element elementor-element-10f3da9\" data-id=\"10f3da9\" data-element_type=\"column\">\n\t\t\t<div class=\"elementor-widget-wrap elementor-element-populated\">\n\t\t\t\t\t\t<div class=\"elementor-element elementor-element-6dba5f3 elementor-widget elementor-widget-shortcode\" data-id=\"6dba5f3\" data-element_type=\"widget\" data-widget_type=\"shortcode.default\">\n\t\t\t\t<div class=\"elementor-widget-container\">\n\t\t\t\t\t\t\t<div class=\"elementor-shortcode\"><iframe src=\"https:\/\/www.google.com\/maps\/d\/embed?mid=1rYMI2iNyKaSdLqYGwGLlzDoLmEMJ_4lA\" width=\"640\" height=\"480\"><\/iframe><\/div>\n\t\t\t\t\t\t<\/div>\n\t\t\t\t<\/div>\n\t\t\t\t\t<\/div>\n\t\t<\/div>\n\t\t\t\t\t<\/div>\n\t\t<\/section>\n\t\t\t\t<section class=\"elementor-section elementor-top-section elementor-element elementor-element-b9485a8 elementor-section-boxed elementor-section-height-default elementor-section-height-default\" data-id=\"b9485a8\" data-element_type=\"section\">\n\t\t\t\t\t\t<div class=\"elementor-container elementor-column-gap-default\">\n\t\t\t\t\t<div class=\"elementor-column elementor-col-100 elementor-top-column elementor-element elementor-element-799c706\" data-id=\"799c706\" data-element_type=\"column\">\n\t\t\t<div class=\"elementor-widget-wrap elementor-element-populated\">\n\t\t\t\t\t\t<div class=\"elementor-element elementor-element-c23aeae elementor-widget elementor-widget-heading\" data-id=\"c23aeae\" data-element_type=\"widget\" data-widget_type=\"heading.default\">\n\t\t\t\t<div class=\"elementor-widget-container\">\n\t\t\t\t\t<h2 class=\"elementor-heading-title elementor-size-default\">\u0421\u0432\u044f\u0436\u0438\u0442\u0435\u0441\u044c \u0441 \u043d\u0430\u043c\u0438:<\/h2>\t\t\t\t<\/div>\n\t\t\t\t<\/div>\n\t\t\t\t\t<\/div>\n\t\t<\/div>\n\t\t\t\t\t<\/div>\n\t\t<\/section>\n\t\t\t\t<section class=\"elementor-section elementor-top-section elementor-element elementor-element-d6e3636 elementor-section-boxed elementor-section-height-default elementor-section-height-default\" data-id=\"d6e3636\" data-element_type=\"section\" id=\"kontakt\">\n\t\t\t\t\t\t<div class=\"elementor-container elementor-column-gap-default\">\n\t\t\t\t\t<div class=\"elementor-column elementor-col-100 elementor-top-column elementor-element elementor-element-4d1ff08\" data-id=\"4d1ff08\" data-element_type=\"column\">\n\t\t\t<div class=\"elementor-widget-wrap elementor-element-populated\">\n\t\t\t\t\t\t<div class=\"elementor-element elementor-element-5ac3f8c elementor-widget elementor-widget-spacer\" data-id=\"5ac3f8c\" data-element_type=\"widget\" data-widget_type=\"spacer.default\">\n\t\t\t\t<div class=\"elementor-widget-container\">\n\t\t\t\t\t\t\t<div class=\"elementor-spacer\">\n\t\t\t<div class=\"elementor-spacer-inner\"><\/div>\n\t\t<\/div>\n\t\t\t\t\t\t<\/div>\n\t\t\t\t<\/div>\n\t\t\t\t<div class=\"elementor-element elementor-element-7e69aca elementor-widget elementor-widget-shortcode\" data-id=\"7e69aca\" data-element_type=\"widget\" data-widget_type=\"shortcode.default\">\n\t\t\t\t<div class=\"elementor-widget-container\">\n\t\t\t\t\t\t\t<div class=\"elementor-shortcode\">\n<div class=\"wpcf7 no-js\" id=\"wpcf7-f3606-o1\" lang=\"ru-RU\" dir=\"ltr\" data-wpcf7-id=\"3606\">\n<div class=\"screen-reader-response\"><p role=\"status\" aria-live=\"polite\" aria-atomic=\"true\"><\/p> <ul><\/ul><\/div>\n<form action=\"\/ru\/wp-json\/wp\/v2\/pages\/1989#wpcf7-f3606-o1\" method=\"post\" class=\"wpcf7-form init\" aria-label=\"\u041a\u043e\u043d\u0442\u0430\u043a\u0442\u043d\u0430\u044f \u0444\u043e\u0440\u043c\u0430\" novalidate=\"novalidate\" data-status=\"init\">\n<fieldset class=\"hidden-fields-container\"><input type=\"hidden\" name=\"_wpcf7\" value=\"3606\" \/><input type=\"hidden\" name=\"_wpcf7_version\" value=\"6.1.4\" \/><input type=\"hidden\" name=\"_wpcf7_locale\" value=\"ru_RU\" \/><input type=\"hidden\" name=\"_wpcf7_unit_tag\" value=\"wpcf7-f3606-o1\" \/><input type=\"hidden\" name=\"_wpcf7_container_post\" value=\"0\" \/><input type=\"hidden\" name=\"_wpcf7_posted_data_hash\" value=\"\" \/><input type=\"hidden\" name=\"_wpcf7_recaptcha_response\" value=\"\" \/>\n<\/fieldset>\n<p><label>\u0418\u043c\u044f (\u043e\u0431\u044f\u0437\u0430\u0442\u0435\u043b\u044c\u043d\u043e\u0435 \u043f\u043e\u043b\u0435)<br \/>\n<span class=\"wpcf7-form-control-wrap\" data-name=\"your-name\"><input size=\"40\" maxlength=\"400\" class=\"wpcf7-form-control wpcf7-text wpcf7-validates-as-required\" aria-required=\"true\" aria-invalid=\"false\" value=\"\" type=\"text\" name=\"your-name\" \/><\/span> <\/label>\n<\/p>\n<p><label>E-mail (\u043e\u0431\u044f\u0437\u0430\u0442\u0435\u043b\u044c\u043d\u043e\u0435 \u043f\u043e\u043b\u0435)<br \/>\n<span class=\"wpcf7-form-control-wrap\" data-name=\"your-email\"><input size=\"40\" maxlength=\"400\" class=\"wpcf7-form-control wpcf7-email wpcf7-validates-as-required wpcf7-text wpcf7-validates-as-email\" aria-required=\"true\" aria-invalid=\"false\" value=\"\" type=\"email\" name=\"your-email\" \/><\/span> <\/label><br \/>\n<label>\u0410\u0434\u0440\u0435\u0441(\u041d\u0435 \u0442\u0440\u0435\u0431\u0443\u0435\u0442\u0441\u044f)<br \/>\n<span class=\"wpcf7-form-control-wrap\" data-name=\"your-adress\"><input size=\"40\" maxlength=\"400\" class=\"wpcf7-form-control wpcf7-text\" aria-invalid=\"false\" value=\"\" type=\"text\" name=\"your-adress\" \/><\/span> <\/label><br \/>\n<label> \u041a\u043e\u043c\u043f\u0430\u043d\u0438\u044f (\u041d\u0435 \u0442\u0440\u0435\u0431\u0443\u0435\u0442\u0441\u044f)<br \/>\n<span class=\"wpcf7-form-control-wrap\" data-name=\"your-firma\"><input size=\"40\" maxlength=\"400\" class=\"wpcf7-form-control wpcf7-text\" aria-invalid=\"false\" value=\"\" type=\"text\" name=\"your-firma\" \/><\/span> <\/label>\n<\/p>\n<p><label> \u0422\u0435\u043c\u0430<br \/>\n<span class=\"wpcf7-form-control-wrap\" data-name=\"your-subject\"><input size=\"40\" maxlength=\"400\" class=\"wpcf7-form-control wpcf7-text\" aria-invalid=\"false\" value=\"\" type=\"text\" name=\"your-subject\" \/><\/span><br \/>\n<\/label>\n<\/p>\n<p><label>\u0421\u043e\u043e\u0431\u0449\u0435\u043d\u0438\u0435<br \/>\n<span class=\"wpcf7-form-control-wrap\" data-name=\"your-message\"><textarea cols=\"40\" rows=\"10\" maxlength=\"2000\" class=\"wpcf7-form-control wpcf7-textarea\" aria-invalid=\"false\" name=\"your-message\"><\/textarea><\/span> <\/label>\n<\/p>\n<p><input class=\"wpcf7-form-control wpcf7-submit has-spinner\" type=\"submit\" value=\"Senden\" \/>\n<\/p><div class=\"wpcf7-response-output\" aria-hidden=\"true\"><\/div>\n<\/form>\n<\/div>\n<\/div>\n\t\t\t\t\t\t<\/div>\n\t\t\t\t<\/div>\n\t\t\t\t\t<\/div>\n\t\t<\/div>\n\t\t\t\t\t<\/div>\n\t\t<\/section>\n\t\t\t\t<section class=\"elementor-section elementor-top-section elementor-element elementor-element-6fe7750 elementor-section-boxed elementor-section-height-default elementor-section-height-default\" data-id=\"6fe7750\" data-element_type=\"section\">\n\t\t\t\t\t\t<div class=\"elementor-container elementor-column-gap-default\">\n\t\t\t\t\t<div class=\"elementor-column elementor-col-100 elementor-top-column elementor-element elementor-element-13ad97f\" data-id=\"13ad97f\" data-element_type=\"column\">\n\t\t\t<div class=\"elementor-widget-wrap elementor-element-populated\">\n\t\t\t\t\t\t<div class=\"elementor-element elementor-element-ec04252 elementor-widget elementor-widget-spacer\" data-id=\"ec04252\" data-element_type=\"widget\" data-widget_type=\"spacer.default\">\n\t\t\t\t<div class=\"elementor-widget-container\">\n\t\t\t\t\t\t\t<div class=\"elementor-spacer\">\n\t\t\t<div class=\"elementor-spacer-inner\"><\/div>\n\t\t<\/div>\n\t\t\t\t\t\t<\/div>\n\t\t\t\t<\/div>\n\t\t\t\t\t<\/div>\n\t\t<\/div>\n\t\t\t\t\t<\/div>\n\t\t<\/section>\n\t\t\t\t<\/div>\n\t\t","protected":false},"excerpt":{"rendered":"<p>\u041a\u043e\u043d\u0442\u0430\u043a\u0442 UDIS.ch\u041c\u0430\u0439\u0435\u043d\u0440\u0438\u0434\u0432\u0435\u0433 1A8408 \u0412\u0438\u043d\u0442\u0435\u0440\u0442\u0443\u0440\u0428\u0432\u0435\u0439\u0446\u0430\u0440\u0438\u044f \u0422\u0435\u043b: +41 52 213 86 41\u0424\u0430\u043a\u0441: +41 52 213 73 59 UDISArte Facebook-f Instagram UDISGeo Facebook-f Instagram \u0421\u0432\u044f\u0436\u0438\u0442\u0435\u0441\u044c \u0441 \u043d\u0430\u043c\u0438:<\/p>\n","protected":false},"author":6,"featured_media":0,"parent":0,"menu_order":0,"comment_status":"closed","ping_status":"closed","template":"elementor_header_footer","meta":{"_uag_custom_page_level_css":"","site-sidebar-layout":"no-sidebar","site-content-layout":"page-builder","ast-site-content-layout":"default","site-content-style":"default","site-sidebar-style":"default","ast-global-header-display":"","ast-banner-title-visibility":"","ast-main-header-display":"","ast-hfb-above-header-display":"","ast-hfb-below-header-display":"","ast-hfb-mobile-header-display":"","site-post-title":"disabled","ast-breadcrumbs-content":"","ast-featured-img":"disabled","footer-sml-layout":"","ast-disable-related-posts":"","theme-transparent-header-meta":"default","adv-header-id-meta":"","stick-header-meta":"","header-above-stick-meta":"","header-main-stick-meta":"","header-below-stick-meta":"","astra-migrate-meta-layouts":"default","ast-page-background-enabled":"default","ast-page-background-meta":{"desktop":{"background-color":"","background-image":"","background-repeat":"repeat","background-position":"center center","background-size":"auto","background-attachment":"scroll","background-type":"","background-media":"","overlay-type":"","overlay-color":"","overlay-opacity":"","overlay-gradient":""},"tablet":{"background-color":"","background-image":"","background-repeat":"repeat","background-position":"center center","background-size":"auto","background-attachment":"scroll","background-type":"","background-media":"","overlay-type":"","overlay-color":"","overlay-opacity":"","overlay-gradient":""},"mobile":{"background-color":"","background-image":"","background-repeat":"repeat","background-position":"center center","background-size":"auto","background-attachment":"scroll","background-type":"","background-media":"","overlay-type":"","overlay-color":"","overlay-opacity":"","overlay-gradient":""}},"ast-content-background-meta":{"desktop":{"background-color":"var(--ast-global-color-5)","background-image":"","background-repeat":"repeat","background-position":"center center","background-size":"auto","background-attachment":"scroll","background-type":"","background-media":"","overlay-type":"","overlay-color":"","overlay-opacity":"","overlay-gradient":""},"tablet":{"background-color":"var(--ast-global-color-5)","background-image":"","background-repeat":"repeat","background-position":"center center","background-size":"auto","background-attachment":"scroll","background-type":"","background-media":"","overlay-type":"","overlay-color":"","overlay-opacity":"","overlay-gradient":""},"mobile":{"background-color":"var(--ast-global-color-5)","background-image":"","background-repeat":"repeat","background-position":"center center","background-size":"auto","background-attachment":"scroll","background-type":"","background-media":"","overlay-type":"","overlay-color":"","overlay-opacity":"","overlay-gradient":""}},"footnotes":""},"class_list":["post-1989","page","type-page","status-publish","hentry"],"yoast_head":"<!-- This site is optimized with the Yoast SEO plugin v26.7 - https:\/\/yoast.com\/wordpress\/plugins\/seo\/ -->\n<title>Kontakt | UDIS | Kontaktieren Sie uns f\u00fcr mehr Infos zu UDIS!<\/title>\n<meta name=\"description\" content=\"Wir haben Ihr Interesse geweckt? Sie m\u00f6chten unser Magazin abonnieren? Dann kontaktieren Sie uns f\u00fcr mehr Informationen \u00fcber UDIS!\" \/>\n<meta name=\"robots\" content=\"index, follow, max-snippet:-1, max-image-preview:large, max-video-preview:-1\" \/>\n<link rel=\"canonical\" href=\"https:\/\/udis.ch\/en\/kontakt\/\" \/>\n<meta property=\"og:locale\" content=\"ru_RU\" \/>\n<meta property=\"og:type\" content=\"article\" \/>\n<meta property=\"og:title\" content=\"Kontakt | UDIS | Kontaktieren Sie uns f\u00fcr mehr Infos zu UDIS!\" \/>\n<meta property=\"og:description\" content=\"Wir haben Ihr Interesse geweckt? Sie m\u00f6chten unser Magazin abonnieren? Dann kontaktieren Sie uns f\u00fcr mehr Informationen \u00fcber UDIS!\" \/>\n<meta property=\"og:url\" content=\"https:\/\/udis.ch\/en\/kontakt\/\" \/>\n<meta property=\"og:site_name\" content=\"UDIS\" \/>\n<meta property=\"article:modified_time\" content=\"2023-01-13T17:42:38+00:00\" \/>\n<meta name=\"twitter:card\" content=\"summary_large_image\" \/>\n<meta name=\"twitter:label1\" content=\"\u041f\u0440\u0438\u043c\u0435\u0440\u043d\u043e\u0435 \u0432\u0440\u0435\u043c\u044f \u0434\u043b\u044f \u0447\u0442\u0435\u043d\u0438\u044f\" \/>\n\t<meta name=\"twitter:data1\" content=\"1 \u043c\u0438\u043d\u0443\u0442\u0430\" \/>\n<script type=\"application\/ld+json\" class=\"yoast-schema-graph\">{\"@context\":\"https:\/\/schema.org\",\"@graph\":[{\"@type\":\"WebPage\",\"@id\":\"https:\/\/udis.ch\/en\/kontakt\/\",\"url\":\"https:\/\/udis.ch\/en\/kontakt\/\",\"name\":\"Kontakt | UDIS | Kontaktieren Sie uns f\u00fcr mehr Infos zu UDIS!\",\"isPartOf\":{\"@id\":\"https:\/\/udis.ch\/#website\"},\"datePublished\":\"2019-03-21T13:32:59+00:00\",\"dateModified\":\"2023-01-13T17:42:38+00:00\",\"description\":\"Wir haben Ihr Interesse geweckt? Sie m\u00f6chten unser Magazin abonnieren? Dann kontaktieren Sie uns f\u00fcr mehr Informationen \u00fcber UDIS!\",\"breadcrumb\":{\"@id\":\"https:\/\/udis.ch\/en\/kontakt\/#breadcrumb\"},\"inLanguage\":\"ru-RU\",\"potentialAction\":[{\"@type\":\"ReadAction\",\"target\":[\"https:\/\/udis.ch\/en\/kontakt\/\"]}]},{\"@type\":\"BreadcrumbList\",\"@id\":\"https:\/\/udis.ch\/en\/kontakt\/#breadcrumb\",\"itemListElement\":[{\"@type\":\"ListItem\",\"position\":1,\"name\":\"Startseite\",\"item\":\"https:\/\/udis.ch\/ru\/home\/\"},{\"@type\":\"ListItem\",\"position\":2,\"name\":\"\u041a\u043e\u043d\u0442\u0430\u043a\u0442\"}]},{\"@type\":\"WebSite\",\"@id\":\"https:\/\/udis.ch\/#website\",\"url\":\"https:\/\/udis.ch\/\",\"name\":\"UDIS\",\"description\":\"\u0421\u043e\u044e\u0437 \u0438\u0442\u0430\u043b\u044c\u044f\u043d\u0446\u0435\u0432 \u0438 \u0448\u0432\u0435\u0439\u0446\u0430\u0440\u0446\u0435\u0432 \u0432 \u0415\u0432\u0440\u043e\u043f\u0435\",\"publisher\":{\"@id\":\"https:\/\/udis.ch\/#organization\"},\"potentialAction\":[{\"@type\":\"SearchAction\",\"target\":{\"@type\":\"EntryPoint\",\"urlTemplate\":\"https:\/\/udis.ch\/?s={search_term_string}\"},\"query-input\":{\"@type\":\"PropertyValueSpecification\",\"valueRequired\":true,\"valueName\":\"search_term_string\"}}],\"inLanguage\":\"ru-RU\"},{\"@type\":\"Organization\",\"@id\":\"https:\/\/udis.ch\/#organization\",\"name\":\"UDIS\",\"url\":\"https:\/\/udis.ch\/\",\"logo\":{\"@type\":\"ImageObject\",\"inLanguage\":\"ru-RU\",\"@id\":\"https:\/\/udis.ch\/#\/schema\/logo\/image\/\",\"url\":\"https:\/\/udis.ch\/wp-content\/uploads\/2019\/06\/cropped-ezgif-1-8c72920a23ab.png\",\"contentUrl\":\"https:\/\/udis.ch\/wp-content\/uploads\/2019\/06\/cropped-ezgif-1-8c72920a23ab.png\",\"width\":156,\"height\":86,\"caption\":\"UDIS\"},\"image\":{\"@id\":\"https:\/\/udis.ch\/#\/schema\/logo\/image\/\"}}]}<\/script>\n<!-- \/ Yoast SEO plugin. -->","yoast_head_json":{"title":"Kontakt | UDIS | Kontaktieren Sie uns f\u00fcr mehr Infos zu UDIS!","description":"Wir haben Ihr Interesse geweckt? Sie m\u00f6chten unser Magazin abonnieren? Dann kontaktieren Sie uns f\u00fcr mehr Informationen \u00fcber UDIS!","robots":{"index":"index","follow":"follow","max-snippet":"max-snippet:-1","max-image-preview":"max-image-preview:large","max-video-preview":"max-video-preview:-1"},"canonical":"https:\/\/udis.ch\/en\/kontakt\/","og_locale":"ru_RU","og_type":"article","og_title":"Kontakt | UDIS | Kontaktieren Sie uns f\u00fcr mehr Infos zu UDIS!","og_description":"Wir haben Ihr Interesse geweckt? Sie m\u00f6chten unser Magazin abonnieren? Dann kontaktieren Sie uns f\u00fcr mehr Informationen \u00fcber UDIS!","og_url":"https:\/\/udis.ch\/en\/kontakt\/","og_site_name":"UDIS","article_modified_time":"2023-01-13T17:42:38+00:00","twitter_card":"summary_large_image","twitter_misc":{"\u041f\u0440\u0438\u043c\u0435\u0440\u043d\u043e\u0435 \u0432\u0440\u0435\u043c\u044f \u0434\u043b\u044f \u0447\u0442\u0435\u043d\u0438\u044f":"1 \u043c\u0438\u043d\u0443\u0442\u0430"},"schema":{"@context":"https:\/\/schema.org","@graph":[{"@type":"WebPage","@id":"https:\/\/udis.ch\/en\/kontakt\/","url":"https:\/\/udis.ch\/en\/kontakt\/","name":"Kontakt | UDIS | Kontaktieren Sie uns f\u00fcr mehr Infos zu UDIS!","isPartOf":{"@id":"https:\/\/udis.ch\/#website"},"datePublished":"2019-03-21T13:32:59+00:00","dateModified":"2023-01-13T17:42:38+00:00","description":"Wir haben Ihr Interesse geweckt? Sie m\u00f6chten unser Magazin abonnieren? Dann kontaktieren Sie uns f\u00fcr mehr Informationen \u00fcber UDIS!","breadcrumb":{"@id":"https:\/\/udis.ch\/en\/kontakt\/#breadcrumb"},"inLanguage":"ru-RU","potentialAction":[{"@type":"ReadAction","target":["https:\/\/udis.ch\/en\/kontakt\/"]}]},{"@type":"BreadcrumbList","@id":"https:\/\/udis.ch\/en\/kontakt\/#breadcrumb","itemListElement":[{"@type":"ListItem","position":1,"name":"Startseite","item":"https:\/\/udis.ch\/ru\/home\/"},{"@type":"ListItem","position":2,"name":"\u041a\u043e\u043d\u0442\u0430\u043a\u0442"}]},{"@type":"WebSite","@id":"https:\/\/udis.ch\/#website","url":"https:\/\/udis.ch\/","name":"UDIS","description":"\u0421\u043e\u044e\u0437 \u0438\u0442\u0430\u043b\u044c\u044f\u043d\u0446\u0435\u0432 \u0438 \u0448\u0432\u0435\u0439\u0446\u0430\u0440\u0446\u0435\u0432 \u0432 \u0415\u0432\u0440\u043e\u043f\u0435","publisher":{"@id":"https:\/\/udis.ch\/#organization"},"potentialAction":[{"@type":"SearchAction","target":{"@type":"EntryPoint","urlTemplate":"https:\/\/udis.ch\/?s={search_term_string}"},"query-input":{"@type":"PropertyValueSpecification","valueRequired":true,"valueName":"search_term_string"}}],"inLanguage":"ru-RU"},{"@type":"Organization","@id":"https:\/\/udis.ch\/#organization","name":"UDIS","url":"https:\/\/udis.ch\/","logo":{"@type":"ImageObject","inLanguage":"ru-RU","@id":"https:\/\/udis.ch\/#\/schema\/logo\/image\/","url":"https:\/\/udis.ch\/wp-content\/uploads\/2019\/06\/cropped-ezgif-1-8c72920a23ab.png","contentUrl":"https:\/\/udis.ch\/wp-content\/uploads\/2019\/06\/cropped-ezgif-1-8c72920a23ab.png","width":156,"height":86,"caption":"UDIS"},"image":{"@id":"https:\/\/udis.ch\/#\/schema\/logo\/image\/"}}]}},"uagb_featured_image_src":{"full":false,"thumbnail":false,"medium":false,"medium_large":false,"large":false,"1536x1536":false,"2048x2048":false,"woocommerce_thumbnail":false,"woocommerce_single":false,"woocommerce_gallery_thumbnail":false},"uagb_author_info":{"display_name":"Lefi_adm_fur","author_link":"https:\/\/udis.ch\/ru\/author\/lefi_adm_fur\/"},"uagb_comment_info":0,"uagb_excerpt":"\u041a\u043e\u043d\u0442\u0430\u043a\u0442 UDIS.ch\u041c\u0430\u0439\u0435\u043d\u0440\u0438\u0434\u0432\u0435\u0433 1A8408 \u0412\u0438\u043d\u0442\u0435\u0440\u0442\u0443\u0440\u0428\u0432\u0435\u0439\u0446\u0430\u0440\u0438\u044f \u0422\u0435\u043b: +41 52 213 86 41\u0424\u0430\u043a\u0441: +41 52 213 73 59 UDISArte Facebook-f Instagram UDISGeo Facebook-f Instagram \u0421\u0432\u044f\u0436\u0438\u0442\u0435\u0441\u044c \u0441 \u043d\u0430\u043c\u0438:","_links":{"self":[{"href":"https:\/\/udis.ch\/ru\/wp-json\/wp\/v2\/pages\/1989","targetHints":{"allow":["GET"]}}],"collection":[{"href":"https:\/\/udis.ch\/ru\/wp-json\/wp\/v2\/pages"}],"about":[{"href":"https:\/\/udis.ch\/ru\/wp-json\/wp\/v2\/types\/page"}],"author":[{"embeddable":true,"href":"https:\/\/udis.ch\/ru\/wp-json\/wp\/v2\/users\/6"}],"replies":[{"embeddable":true,"href":"https:\/\/udis.ch\/ru\/wp-json\/wp\/v2\/comments?post=1989"}],"version-history":[{"count":30,"href":"https:\/\/udis.ch\/ru\/wp-json\/wp\/v2\/pages\/1989\/revisions"}],"predecessor-version":[{"id":6447,"href":"https:\/\/udis.ch\/ru\/wp-json\/wp\/v2\/pages\/1989\/revisions\/6447"}],"wp:attachment":[{"href":"https:\/\/udis.ch\/ru\/wp-json\/wp\/v2\/media?parent=1989"}],"curies":[{"name":"wp","href":"https:\/\/api.w.org\/{rel}","templated":true}]}}