{"id":10895,"date":"2024-11-22T12:01:49","date_gmt":"2024-11-22T12:01:49","guid":{"rendered":"https:\/\/udis.ch\/?page_id=10895"},"modified":"2024-11-25T05:23:23","modified_gmt":"2024-11-25T05:23:23","slug":"udisarte_nft","status":"publish","type":"page","link":"https:\/\/udis.ch\/it\/udisarte_nft\/","title":{"rendered":"UDISArte_NFT"},"content":{"rendered":"\t\t<div data-elementor-type=\"wp-post\" data-elementor-id=\"10895\" class=\"elementor elementor-10895 elementor-10893\">\n\t\t\t\t\t\t<section class=\"elementor-section elementor-top-section elementor-element elementor-element-9e3d079 elementor-section-boxed elementor-section-height-default elementor-section-height-default\" data-id=\"9e3d079\" data-element_type=\"section\">\n\t\t\t\t\t\t<div class=\"elementor-container elementor-column-gap-default\">\n\t\t\t\t\t<div class=\"elementor-column elementor-col-100 elementor-top-column elementor-element elementor-element-aff759d\" data-id=\"aff759d\" data-element_type=\"column\">\n\t\t\t<div class=\"elementor-widget-wrap elementor-element-populated\">\n\t\t\t\t\t\t<div class=\"elementor-element elementor-element-8e7f494 elementor-widget elementor-widget-image\" data-id=\"8e7f494\" data-element_type=\"widget\" data-widget_type=\"image.default\">\n\t\t\t\t<div class=\"elementor-widget-container\">\n\t\t\t\t\t\t\t\t\t\t\t\t\t\t\t\t<a href=\"https:\/\/opensea.io\/UDISArte_NFT_Collection\" target=\"_blank\">\n\t\t\t\t\t\t\t<img decoding=\"async\" width=\"300\" height=\"139\" src=\"https:\/\/udis.ch\/wp-content\/uploads\/2024\/11\/UDISARTELOGOLivequadratpfad300witharte_NFT_2_png-300x139.png\" class=\"attachment-medium size-medium wp-image-10975\" alt=\"\" srcset=\"https:\/\/udis.ch\/wp-content\/uploads\/2024\/11\/UDISARTELOGOLivequadratpfad300witharte_NFT_2_png-300x139.png 300w, https:\/\/udis.ch\/wp-content\/uploads\/2024\/11\/UDISARTELOGOLivequadratpfad300witharte_NFT_2_png-1024x473.png 1024w, https:\/\/udis.ch\/wp-content\/uploads\/2024\/11\/UDISARTELOGOLivequadratpfad300witharte_NFT_2_png-768x355.png 768w, https:\/\/udis.ch\/wp-content\/uploads\/2024\/11\/UDISARTELOGOLivequadratpfad300witharte_NFT_2_png-600x277.png 600w, https:\/\/udis.ch\/wp-content\/uploads\/2024\/11\/UDISARTELOGOLivequadratpfad300witharte_NFT_2_png.png 1162w\" sizes=\"(max-width: 300px) 100vw, 300px\" \/>\t\t\t\t\t\t\t\t<\/a>\n\t\t\t\t\t\t\t\t\t\t\t\t\t\t\t<\/div>\n\t\t\t\t<\/div>\n\t\t\t\t<div class=\"elementor-element elementor-element-af6ed83 elementor-widget elementor-widget-image\" data-id=\"af6ed83\" data-element_type=\"widget\" data-widget_type=\"image.default\">\n\t\t\t\t<div class=\"elementor-widget-container\">\n\t\t\t\t\t\t\t\t\t\t\t\t\t\t\t\t<a href=\"https:\/\/opensea.io\/UDISArte_NFT_Collection\" target=\"_blank\">\n\t\t\t\t\t\t\t<img decoding=\"async\" width=\"300\" height=\"78\" src=\"https:\/\/udis.ch\/wp-content\/uploads\/2024\/11\/OpenSea-Full-Logo-dark-300x78.png\" class=\"attachment-medium size-medium wp-image-11318\" alt=\"\" srcset=\"https:\/\/udis.ch\/wp-content\/uploads\/2024\/11\/OpenSea-Full-Logo-dark-300x78.png 300w, https:\/\/udis.ch\/wp-content\/uploads\/2024\/11\/OpenSea-Full-Logo-dark-1024x267.png 1024w, https:\/\/udis.ch\/wp-content\/uploads\/2024\/11\/OpenSea-Full-Logo-dark-768x200.png 768w, https:\/\/udis.ch\/wp-content\/uploads\/2024\/11\/OpenSea-Full-Logo-dark-600x156.png 600w, https:\/\/udis.ch\/wp-content\/uploads\/2024\/11\/OpenSea-Full-Logo-dark.png 1160w\" sizes=\"(max-width: 300px) 100vw, 300px\" \/>\t\t\t\t\t\t\t\t<\/a>\n\t\t\t\t\t\t\t\t\t\t\t\t\t\t\t<\/div>\n\t\t\t\t<\/div>\n\t\t\t\t\t<\/div>\n\t\t<\/div>\n\t\t\t\t\t<\/div>\n\t\t<\/section>\n\t\t\t\t<section class=\"elementor-section elementor-top-section elementor-element elementor-element-17c4ff9 elementor-section-boxed elementor-section-height-default elementor-section-height-default\" data-id=\"17c4ff9\" data-element_type=\"section\">\n\t\t\t\t\t\t<div class=\"elementor-container elementor-column-gap-default\">\n\t\t\t\t\t<div class=\"elementor-column elementor-col-100 elementor-top-column elementor-element elementor-element-f458487\" data-id=\"f458487\" data-element_type=\"column\">\n\t\t\t<div class=\"elementor-widget-wrap elementor-element-populated\">\n\t\t\t\t\t\t<div class=\"elementor-element elementor-element-1ce7f16 elementor-widget elementor-widget-spacer\" data-id=\"1ce7f16\" data-element_type=\"widget\" data-widget_type=\"spacer.default\">\n\t\t\t\t<div class=\"elementor-widget-container\">\n\t\t\t\t\t\t\t<div class=\"elementor-spacer\">\n\t\t\t<div class=\"elementor-spacer-inner\"><\/div>\n\t\t<\/div>\n\t\t\t\t\t\t<\/div>\n\t\t\t\t<\/div>\n\t\t\t\t\t<\/div>\n\t\t<\/div>\n\t\t\t\t\t<\/div>\n\t\t<\/section>\n\t\t\t\t<section class=\"elementor-section elementor-top-section elementor-element elementor-element-2d6fdd3 elementor-section-boxed elementor-section-height-default elementor-section-height-default\" data-id=\"2d6fdd3\" data-element_type=\"section\">\n\t\t\t\t\t\t<div class=\"elementor-container elementor-column-gap-default\">\n\t\t\t\t\t<div class=\"elementor-column elementor-col-100 elementor-top-column elementor-element elementor-element-fa5eeaa\" data-id=\"fa5eeaa\" data-element_type=\"column\">\n\t\t\t<div class=\"elementor-widget-wrap elementor-element-populated\">\n\t\t\t\t\t\t<div class=\"elementor-element elementor-element-ad3c7c5 elementor-widget elementor-widget-text-editor\" data-id=\"ad3c7c5\" data-element_type=\"widget\" data-widget_type=\"text-editor.default\">\n\t\t\t\t<div class=\"elementor-widget-container\">\n\t\t\t\t\t\t\t\t\t<p style=\"text-align: center;\"><span style=\"font-size: 12pt;\">O<\/span>gni lavoro NFT \u00e8, senza eccezioni, unico. Ogni lavoro NFT \u00e8, senza eccezioni, unico. Non ci saranno mai serie. Puoi acquistare l&#8217;opera vera e propria nella modalit\u00e0 classica. Riceverai in aggiunta l&#8217;NFT (certificato\/sicurezza digitale), compreso il classico certificato di autenticit\u00e0. <br \/>Tuttavia, \u00e8 necessario un account con Opensea.\u00a0 Se non disponi di un account Opensea, riserveremo\/archiveremo l&#8217;NFT per te.<\/p><p style=\"text-align: center;\"><em>Per ulteriori informazioni o se avete domande, utilizzate il modulo di contatto nel menu \u201cContatti\u201d.<br \/><\/em><\/p>\t\t\t\t\t\t\t\t<\/div>\n\t\t\t\t<\/div>\n\t\t\t\t\t<\/div>\n\t\t<\/div>\n\t\t\t\t\t<\/div>\n\t\t<\/section>\n\t\t\t\t<\/div>\n\t\t","protected":false},"excerpt":{"rendered":"<p>Ogni lavoro NFT \u00e8, senza eccezioni, unico. Ogni lavoro NFT \u00e8, senza eccezioni, unico. Non ci saranno mai serie. Puoi acquistare l&#8217;opera vera e propria nella modalit\u00e0 classica. Riceverai in aggiunta l&#8217;NFT (certificato\/sicurezza digitale), compreso il classico certificato di autenticit\u00e0. Tuttavia, \u00e8 necessario un account con Opensea.\u00a0 Se non disponi di un account Opensea, riserveremo\/archiveremo [&hellip;]<\/p>\n","protected":false},"author":6,"featured_media":0,"parent":0,"menu_order":0,"comment_status":"closed","ping_status":"closed","template":"elementor_header_footer","meta":{"_uag_custom_page_level_css":"","site-sidebar-layout":"no-sidebar","site-content-layout":"page-builder","ast-site-content-layout":"full-width-container","site-content-style":"unboxed","site-sidebar-style":"unboxed","ast-global-header-display":"","ast-banner-title-visibility":"","ast-main-header-display":"","ast-hfb-above-header-display":"","ast-hfb-below-header-display":"","ast-hfb-mobile-header-display":"","site-post-title":"disabled","ast-breadcrumbs-content":"","ast-featured-img":"disabled","footer-sml-layout":"","ast-disable-related-posts":"","theme-transparent-header-meta":"default","adv-header-id-meta":"","stick-header-meta":"","header-above-stick-meta":"","header-main-stick-meta":"","header-below-stick-meta":"","astra-migrate-meta-layouts":"set","ast-page-background-enabled":"default","ast-page-background-meta":{"desktop":{"background-color":"","background-image":"","background-repeat":"repeat","background-position":"center center","background-size":"auto","background-attachment":"scroll","background-type":"","background-media":"","overlay-type":"","overlay-color":"","overlay-opacity":"","overlay-gradient":""},"tablet":{"background-color":"","background-image":"","background-repeat":"repeat","background-position":"center center","background-size":"auto","background-attachment":"scroll","background-type":"","background-media":"","overlay-type":"","overlay-color":"","overlay-opacity":"","overlay-gradient":""},"mobile":{"background-color":"","background-image":"","background-repeat":"repeat","background-position":"center center","background-size":"auto","background-attachment":"scroll","background-type":"","background-media":"","overlay-type":"","overlay-color":"","overlay-opacity":"","overlay-gradient":""}},"ast-content-background-meta":{"desktop":{"background-color":"var(--ast-global-color-5)","background-image":"","background-repeat":"repeat","background-position":"center center","background-size":"auto","background-attachment":"scroll","background-type":"","background-media":"","overlay-type":"","overlay-color":"","overlay-opacity":"","overlay-gradient":""},"tablet":{"background-color":"var(--ast-global-color-5)","background-image":"","background-repeat":"repeat","background-position":"center center","background-size":"auto","background-attachment":"scroll","background-type":"","background-media":"","overlay-type":"","overlay-color":"","overlay-opacity":"","overlay-gradient":""},"mobile":{"background-color":"var(--ast-global-color-5)","background-image":"","background-repeat":"repeat","background-position":"center center","background-size":"auto","background-attachment":"scroll","background-type":"","background-media":"","overlay-type":"","overlay-color":"","overlay-opacity":"","overlay-gradient":""}},"footnotes":""},"class_list":["post-10895","page","type-page","status-publish","hentry"],"yoast_head":"<!-- This site is optimized with the Yoast SEO plugin v26.7 - https:\/\/yoast.com\/wordpress\/plugins\/seo\/ -->\n<title>via UDIS | tutte le persone importanti elencate<\/title>\n<meta name=\"description\" content=\"UDIS | I responsabili dell&#039;Unione degli Italiani e degli Svizzeri.\" \/>\n<meta name=\"robots\" content=\"index, follow, max-snippet:-1, max-image-preview:large, max-video-preview:-1\" \/>\n<link rel=\"canonical\" href=\"https:\/\/udis.ch\/it\/udisarte_nft\/\" \/>\n<meta property=\"og:locale\" content=\"it_IT\" \/>\n<meta property=\"og:type\" content=\"article\" \/>\n<meta property=\"og:title\" content=\"via UDIS | tutte le persone importanti elencate\" \/>\n<meta property=\"og:description\" content=\"UDIS | I responsabili dell&#039;Unione degli Italiani e degli Svizzeri.\" \/>\n<meta property=\"og:url\" content=\"https:\/\/udis.ch\/it\/udisarte_nft\/\" \/>\n<meta property=\"og:site_name\" content=\"UDIS\" \/>\n<meta property=\"article:modified_time\" content=\"2024-11-25T05:23:23+00:00\" \/>\n<meta property=\"og:image\" content=\"https:\/\/udis.ch\/wp-content\/uploads\/2024\/11\/UDISARTELOGOLivequadratpfad300witharte_NFT_2_png.png\" \/>\n\t<meta property=\"og:image:width\" content=\"1162\" \/>\n\t<meta property=\"og:image:height\" content=\"537\" \/>\n\t<meta property=\"og:image:type\" content=\"image\/png\" \/>\n<meta name=\"twitter:card\" content=\"summary_large_image\" \/>\n<meta name=\"twitter:label1\" content=\"Tempo di lettura stimato\" \/>\n\t<meta name=\"twitter:data1\" content=\"1 minuto\" \/>\n<script type=\"application\/ld+json\" class=\"yoast-schema-graph\">{\"@context\":\"https:\/\/schema.org\",\"@graph\":[{\"@type\":\"WebPage\",\"@id\":\"https:\/\/udis.ch\/it\/udisarte_nft\/\",\"url\":\"https:\/\/udis.ch\/it\/udisarte_nft\/\",\"name\":\"via UDIS | tutte le persone importanti elencate\",\"isPartOf\":{\"@id\":\"https:\/\/udis.ch\/#website\"},\"primaryImageOfPage\":{\"@id\":\"https:\/\/udis.ch\/it\/udisarte_nft\/#primaryimage\"},\"image\":{\"@id\":\"https:\/\/udis.ch\/it\/udisarte_nft\/#primaryimage\"},\"thumbnailUrl\":\"https:\/\/udis.ch\/wp-content\/uploads\/2024\/11\/UDISARTELOGOLivequadratpfad300witharte_NFT_2_png-300x139.png\",\"datePublished\":\"2024-11-22T12:01:49+00:00\",\"dateModified\":\"2024-11-25T05:23:23+00:00\",\"description\":\"UDIS | I responsabili dell'Unione degli Italiani e degli Svizzeri.\",\"breadcrumb\":{\"@id\":\"https:\/\/udis.ch\/it\/udisarte_nft\/#breadcrumb\"},\"inLanguage\":\"it-IT\",\"potentialAction\":[{\"@type\":\"ReadAction\",\"target\":[\"https:\/\/udis.ch\/it\/udisarte_nft\/\"]}]},{\"@type\":\"ImageObject\",\"inLanguage\":\"it-IT\",\"@id\":\"https:\/\/udis.ch\/it\/udisarte_nft\/#primaryimage\",\"url\":\"https:\/\/udis.ch\/wp-content\/uploads\/2024\/11\/UDISARTELOGOLivequadratpfad300witharte_NFT_2_png-300x139.png\",\"contentUrl\":\"https:\/\/udis.ch\/wp-content\/uploads\/2024\/11\/UDISARTELOGOLivequadratpfad300witharte_NFT_2_png-300x139.png\"},{\"@type\":\"BreadcrumbList\",\"@id\":\"https:\/\/udis.ch\/it\/udisarte_nft\/#breadcrumb\",\"itemListElement\":[{\"@type\":\"ListItem\",\"position\":1,\"name\":\"Startseite\",\"item\":\"https:\/\/udis.ch\/it\/home\/\"},{\"@type\":\"ListItem\",\"position\":2,\"name\":\"UDISArte_NFT\"}]},{\"@type\":\"WebSite\",\"@id\":\"https:\/\/udis.ch\/#website\",\"url\":\"https:\/\/udis.ch\/\",\"name\":\"UDIS\",\"description\":\"Unione degli italiani e degli svizzeri in Europa\",\"publisher\":{\"@id\":\"https:\/\/udis.ch\/#organization\"},\"potentialAction\":[{\"@type\":\"SearchAction\",\"target\":{\"@type\":\"EntryPoint\",\"urlTemplate\":\"https:\/\/udis.ch\/?s={search_term_string}\"},\"query-input\":{\"@type\":\"PropertyValueSpecification\",\"valueRequired\":true,\"valueName\":\"search_term_string\"}}],\"inLanguage\":\"it-IT\"},{\"@type\":\"Organization\",\"@id\":\"https:\/\/udis.ch\/#organization\",\"name\":\"UDIS\",\"url\":\"https:\/\/udis.ch\/\",\"logo\":{\"@type\":\"ImageObject\",\"inLanguage\":\"it-IT\",\"@id\":\"https:\/\/udis.ch\/#\/schema\/logo\/image\/\",\"url\":\"https:\/\/udis.ch\/wp-content\/uploads\/2019\/06\/cropped-ezgif-1-8c72920a23ab.png\",\"contentUrl\":\"https:\/\/udis.ch\/wp-content\/uploads\/2019\/06\/cropped-ezgif-1-8c72920a23ab.png\",\"width\":156,\"height\":86,\"caption\":\"UDIS\"},\"image\":{\"@id\":\"https:\/\/udis.ch\/#\/schema\/logo\/image\/\"}}]}<\/script>\n<!-- \/ Yoast SEO plugin. -->","yoast_head_json":{"title":"via UDIS | tutte le persone importanti elencate","description":"UDIS | I responsabili dell'Unione degli Italiani e degli Svizzeri.","robots":{"index":"index","follow":"follow","max-snippet":"max-snippet:-1","max-image-preview":"max-image-preview:large","max-video-preview":"max-video-preview:-1"},"canonical":"https:\/\/udis.ch\/it\/udisarte_nft\/","og_locale":"it_IT","og_type":"article","og_title":"via UDIS | tutte le persone importanti elencate","og_description":"UDIS | I responsabili dell'Unione degli Italiani e degli Svizzeri.","og_url":"https:\/\/udis.ch\/it\/udisarte_nft\/","og_site_name":"UDIS","article_modified_time":"2024-11-25T05:23:23+00:00","og_image":[{"width":1162,"height":537,"url":"https:\/\/udis.ch\/wp-content\/uploads\/2024\/11\/UDISARTELOGOLivequadratpfad300witharte_NFT_2_png.png","type":"image\/png"}],"twitter_card":"summary_large_image","twitter_misc":{"Tempo di lettura stimato":"1 minuto"},"schema":{"@context":"https:\/\/schema.org","@graph":[{"@type":"WebPage","@id":"https:\/\/udis.ch\/it\/udisarte_nft\/","url":"https:\/\/udis.ch\/it\/udisarte_nft\/","name":"via UDIS | tutte le persone importanti elencate","isPartOf":{"@id":"https:\/\/udis.ch\/#website"},"primaryImageOfPage":{"@id":"https:\/\/udis.ch\/it\/udisarte_nft\/#primaryimage"},"image":{"@id":"https:\/\/udis.ch\/it\/udisarte_nft\/#primaryimage"},"thumbnailUrl":"https:\/\/udis.ch\/wp-content\/uploads\/2024\/11\/UDISARTELOGOLivequadratpfad300witharte_NFT_2_png-300x139.png","datePublished":"2024-11-22T12:01:49+00:00","dateModified":"2024-11-25T05:23:23+00:00","description":"UDIS | I responsabili dell'Unione degli Italiani e degli Svizzeri.","breadcrumb":{"@id":"https:\/\/udis.ch\/it\/udisarte_nft\/#breadcrumb"},"inLanguage":"it-IT","potentialAction":[{"@type":"ReadAction","target":["https:\/\/udis.ch\/it\/udisarte_nft\/"]}]},{"@type":"ImageObject","inLanguage":"it-IT","@id":"https:\/\/udis.ch\/it\/udisarte_nft\/#primaryimage","url":"https:\/\/udis.ch\/wp-content\/uploads\/2024\/11\/UDISARTELOGOLivequadratpfad300witharte_NFT_2_png-300x139.png","contentUrl":"https:\/\/udis.ch\/wp-content\/uploads\/2024\/11\/UDISARTELOGOLivequadratpfad300witharte_NFT_2_png-300x139.png"},{"@type":"BreadcrumbList","@id":"https:\/\/udis.ch\/it\/udisarte_nft\/#breadcrumb","itemListElement":[{"@type":"ListItem","position":1,"name":"Startseite","item":"https:\/\/udis.ch\/it\/home\/"},{"@type":"ListItem","position":2,"name":"UDISArte_NFT"}]},{"@type":"WebSite","@id":"https:\/\/udis.ch\/#website","url":"https:\/\/udis.ch\/","name":"UDIS","description":"Unione degli italiani e degli svizzeri in Europa","publisher":{"@id":"https:\/\/udis.ch\/#organization"},"potentialAction":[{"@type":"SearchAction","target":{"@type":"EntryPoint","urlTemplate":"https:\/\/udis.ch\/?s={search_term_string}"},"query-input":{"@type":"PropertyValueSpecification","valueRequired":true,"valueName":"search_term_string"}}],"inLanguage":"it-IT"},{"@type":"Organization","@id":"https:\/\/udis.ch\/#organization","name":"UDIS","url":"https:\/\/udis.ch\/","logo":{"@type":"ImageObject","inLanguage":"it-IT","@id":"https:\/\/udis.ch\/#\/schema\/logo\/image\/","url":"https:\/\/udis.ch\/wp-content\/uploads\/2019\/06\/cropped-ezgif-1-8c72920a23ab.png","contentUrl":"https:\/\/udis.ch\/wp-content\/uploads\/2019\/06\/cropped-ezgif-1-8c72920a23ab.png","width":156,"height":86,"caption":"UDIS"},"image":{"@id":"https:\/\/udis.ch\/#\/schema\/logo\/image\/"}}]}},"uagb_featured_image_src":{"full":false,"thumbnail":false,"medium":false,"medium_large":false,"large":false,"1536x1536":false,"2048x2048":false,"woocommerce_thumbnail":false,"woocommerce_single":false,"woocommerce_gallery_thumbnail":false},"uagb_author_info":{"display_name":"Lefi_adm_fur","author_link":"https:\/\/udis.ch\/it\/author\/lefi_adm_fur\/"},"uagb_comment_info":0,"uagb_excerpt":"Ogni lavoro NFT \u00e8, senza eccezioni, unico. Ogni lavoro NFT \u00e8, senza eccezioni, unico. Non ci saranno mai serie. Puoi acquistare l&#8217;opera vera e propria nella modalit\u00e0 classica. Riceverai in aggiunta l&#8217;NFT (certificato\/sicurezza digitale), compreso il classico certificato di autenticit\u00e0. Tuttavia, \u00e8 necessario un account con Opensea.\u00a0 Se non disponi di un account Opensea, riserveremo\/archiveremo&hellip;","_links":{"self":[{"href":"https:\/\/udis.ch\/it\/wp-json\/wp\/v2\/pages\/10895","targetHints":{"allow":["GET"]}}],"collection":[{"href":"https:\/\/udis.ch\/it\/wp-json\/wp\/v2\/pages"}],"about":[{"href":"https:\/\/udis.ch\/it\/wp-json\/wp\/v2\/types\/page"}],"author":[{"embeddable":true,"href":"https:\/\/udis.ch\/it\/wp-json\/wp\/v2\/users\/6"}],"replies":[{"embeddable":true,"href":"https:\/\/udis.ch\/it\/wp-json\/wp\/v2\/comments?post=10895"}],"version-history":[{"count":15,"href":"https:\/\/udis.ch\/it\/wp-json\/wp\/v2\/pages\/10895\/revisions"}],"predecessor-version":[{"id":11391,"href":"https:\/\/udis.ch\/it\/wp-json\/wp\/v2\/pages\/10895\/revisions\/11391"}],"wp:attachment":[{"href":"https:\/\/udis.ch\/it\/wp-json\/wp\/v2\/media?parent=10895"}],"curies":[{"name":"wp","href":"https:\/\/api.w.org\/{rel}","templated":true}]}}